{"id":12,"date":"2018-09-04T12:28:19","date_gmt":"2018-09-04T12:28:19","guid":{"rendered":"https:\/\/2018.montevideo.wordcamp.org\/organizers\/"},"modified":"2018-10-19T17:48:33","modified_gmt":"2018-10-19T20:48:33","slug":"organizadores","status":"publish","type":"page","link":"https:\/\/montevideo.wordcamp.org\/2018\/organizadores\/","title":{"rendered":"Organizadores"},"content":{"rendered":"\n<h3 class=\"wp-block-heading\">Organizadores<\/h3>\n\n\n\t<div class=\"wcorg-organizers\">\n\n\t\t\n\t\t\t<div class=\"wcorg-organizer\">\n\t\t\t\t<h2>Alfonso Frachelle<\/h2>\n\t\t\t\t<div class=\"wcorg-organizer-description\">\n\t\t\t\t\t\t\t\t\t\t<img alt='' src='https:\/\/secure.gravatar.com\/avatar\/1b867b42575266b0f0f61827cb49c3516f1088d9a03400500a61eb0b92948eb5?s=100&#038;d=mm&#038;r=g' srcset='https:\/\/secure.gravatar.com\/avatar\/1b867b42575266b0f0f61827cb49c3516f1088d9a03400500a61eb0b92948eb5?s=200&#038;d=mm&#038;r=g 2x' class='avatar avatar-100 photo' height='100' width='100' \/>\t\t\t\t\t<p><img data-recalc-dims=\"1\" loading=\"lazy\" decoding=\"async\" class=\"size-full wp-image-1162 alignleft\" src=\"https:\/\/i0.wp.com\/2018.montevideo.wordcamp.org\/files\/2018\/11\/Alfonso-150x150.jpg?resize=150%2C150&#038;ssl=1\" alt=\"\" width=\"150\" height=\"150\" srcset=\"https:\/\/i0.wp.com\/montevideo.wordcamp.org\/2018\/files\/2018\/11\/Alfonso.jpg?resize=150%2C150&amp;ssl=1 150w, https:\/\/i0.wp.com\/montevideo.wordcamp.org\/2018\/files\/2018\/11\/Alfonso.jpg?resize=100%2C100&amp;ssl=1 100w, https:\/\/i0.wp.com\/montevideo.wordcamp.org\/2018\/files\/2018\/11\/Alfonso.jpg?zoom=2&amp;resize=150%2C150&amp;ssl=1 300w, https:\/\/i0.wp.com\/montevideo.wordcamp.org\/2018\/files\/2018\/11\/Alfonso.jpg?zoom=3&amp;resize=150%2C150&amp;ssl=1 450w\" sizes=\"auto, (max-width: 150px) 100vw, 150px\" \/>Trabajando en la Web desde 1996, cuando apenas se empezaba a conocer en Uruguay, tiene experiencia en proyectos p\u00fablicos y privados de todo tipo. De formaci\u00f3n humanista amplia, con vocaci\u00f3n para la comunicaci\u00f3n y los sistemas centrados en las personas, desde <a href=\"https:\/\/www.idearius.com\/es\/internet\/\">idearius<\/a> aborda d\u00eda a d\u00eda lo t\u00e9cnico y lo humano con base en la usabilidad, el dise\u00f1o, el marketing y la seguridad.<\/p>\t\t\t\t<\/div>\n\t\t\t<\/div>\n\n\t\t\n\t\t\t<div class=\"wcorg-organizer\">\n\t\t\t\t<h2>El\u00edas Margolis<\/h2>\n\t\t\t\t<div class=\"wcorg-organizer-description\">\n\t\t\t\t\t\t\t\t\t\t<img alt='' src='https:\/\/secure.gravatar.com\/avatar\/772844d40177bd0dda223d21cf89b8f27a7fbf59b6110015f6d1040a98331e03?s=100&#038;d=mm&#038;r=g' srcset='https:\/\/secure.gravatar.com\/avatar\/772844d40177bd0dda223d21cf89b8f27a7fbf59b6110015f6d1040a98331e03?s=200&#038;d=mm&#038;r=g 2x' class='avatar avatar-100 photo' height='100' width='100' \/>\t\t\t\t\t<p><img data-recalc-dims=\"1\" loading=\"lazy\" decoding=\"async\" class=\"size-full wp-image-651 alignleft\" src=\"https:\/\/i0.wp.com\/2018.montevideo.wordcamp.org\/files\/2018\/09\/EM.png?resize=300%2C300&#038;ssl=1\" alt=\"\" width=\"300\" height=\"300\" srcset=\"https:\/\/i0.wp.com\/montevideo.wordcamp.org\/2018\/files\/2018\/09\/EM.png?w=300&amp;ssl=1 300w, https:\/\/i0.wp.com\/montevideo.wordcamp.org\/2018\/files\/2018\/09\/EM.png?resize=150%2C150&amp;ssl=1 150w, https:\/\/i0.wp.com\/montevideo.wordcamp.org\/2018\/files\/2018\/09\/EM.png?resize=100%2C100&amp;ssl=1 100w\" sizes=\"auto, (max-width: 300px) 100vw, 300px\" \/>El\u00edas es project manager y technical lead. Apasionado por el desarrollo y la gesti\u00f3n de aplicaciones web, tiene cinco a\u00f1os de experiencia en el rubro. Siempre atento a los \u00faltimos avances en tecnolog\u00eda, El\u00edas es l\u00edder del equipo de desarrollo de la empresa <a href=\"https:\/\/actotal.com\">ACTotal<\/a>.<\/p>\n\t\t\t\t<\/div>\n\t\t\t<\/div>\n\n\t\t\n\t\t\t<div class=\"wcorg-organizer\">\n\t\t\t\t<h2>Guillermo Figueroa Mesa<\/h2>\n\t\t\t\t<div class=\"wcorg-organizer-description\">\n\t\t\t\t\t\t\t\t\t\t<img alt='' src='https:\/\/secure.gravatar.com\/avatar\/9364d9ee2fdd523361ea4b2d5c32900d1ffb581affc974d4c7a20722f80fdabd?s=100&#038;d=mm&#038;r=g' srcset='https:\/\/secure.gravatar.com\/avatar\/9364d9ee2fdd523361ea4b2d5c32900d1ffb581affc974d4c7a20722f80fdabd?s=200&#038;d=mm&#038;r=g 2x' class='avatar avatar-100 photo' height='100' width='100' \/>\t\t\t\t\t<p><img data-recalc-dims=\"1\" loading=\"lazy\" decoding=\"async\" class=\"size-full wp-image-650 alignleft\" src=\"https:\/\/i0.wp.com\/2018.montevideo.wordcamp.org\/files\/2018\/10\/guillermo.png?resize=300%2C300&#038;ssl=1\" alt=\"Guillermo Figueroa Mesa\" width=\"300\" height=\"300\" \/>A Guillermo le apasiona crear soluciones en WordPress. Tiene 12 a\u00f1os en el rubro con experiencia en diferentes tecnolog\u00edas y lenguajes. \u00a1Es emprendedor de pura sepa! Le gustan los nuevos retos y compartir sus conocimientos con todos.<\/p>\n\t\t\t\t<\/div>\n\t\t\t<\/div>\n\n\t\t\n\t\t\t<div class=\"wcorg-organizer\">\n\t\t\t\t<h2>Joaqu\u00edn Arambarri<\/h2>\n\t\t\t\t<div class=\"wcorg-organizer-description\">\n\t\t\t\t\t\t\t\t\t\t<img alt='' src='https:\/\/secure.gravatar.com\/avatar\/d1f54f1b90380631e1e714e8a7413786f3098109d3c2c40d791095a092c7c262?s=100&#038;d=mm&#038;r=g' srcset='https:\/\/secure.gravatar.com\/avatar\/d1f54f1b90380631e1e714e8a7413786f3098109d3c2c40d791095a092c7c262?s=200&#038;d=mm&#038;r=g 2x' class='avatar avatar-100 photo' height='100' width='100' \/>\t\t\t\t\t<p><img data-recalc-dims=\"1\" loading=\"lazy\" decoding=\"async\" class=\"size-full wp-image-650 alignleft\" src=\"https:\/\/i0.wp.com\/2018.montevideo.wordcamp.org\/files\/2018\/09\/JA.png?resize=300%2C300&#038;ssl=1\" alt=\"Joaqu\u00edn Arambarri\" width=\"300\" height=\"300\" srcset=\"https:\/\/i0.wp.com\/montevideo.wordcamp.org\/2018\/files\/2018\/09\/JA.png?w=300&amp;ssl=1 300w, https:\/\/i0.wp.com\/montevideo.wordcamp.org\/2018\/files\/2018\/09\/JA.png?resize=150%2C150&amp;ssl=1 150w, https:\/\/i0.wp.com\/montevideo.wordcamp.org\/2018\/files\/2018\/09\/JA.png?resize=100%2C100&amp;ssl=1 100w\" sizes=\"auto, (max-width: 300px) 100vw, 300px\" \/>Ingeniero en computaci\u00f3n y emprendedor por naturaleza, Joaqu\u00edn es el director de <a href=\"https:\/\/actotal.com\" target=\"_blank\" rel=\"noopener\">ACTotal<\/a>, empresa de desarrollo y comunicaci\u00f3n. Cuenta con m\u00e1s de 18 a\u00f1os liderando equipos multidisciplinarios, trabajando con grandes clientes nacionales e internacionales. Le apasiona el c\u00f3digo abierto y colaborar con la comunidad WordPress Uruguay.<\/p>\n\t\t\t\t<\/div>\n\t\t\t<\/div>\n\n\t\t\n\t\t\t<div class=\"wcorg-organizer\">\n\t\t\t\t<h2>Mat\u00edas Viera<\/h2>\n\t\t\t\t<div class=\"wcorg-organizer-description\">\n\t\t\t\t\t\t\t\t\t\t<img alt='' src='https:\/\/secure.gravatar.com\/avatar\/d7f9fce16e3807349b7b324e1a2b04c894fdf3e63eedbff3c5683b81914b0949?s=100&#038;d=mm&#038;r=g' srcset='https:\/\/secure.gravatar.com\/avatar\/d7f9fce16e3807349b7b324e1a2b04c894fdf3e63eedbff3c5683b81914b0949?s=200&#038;d=mm&#038;r=g 2x' class='avatar avatar-100 photo' height='100' width='100' \/>\t\t\t\t\t<p><img data-recalc-dims=\"1\" loading=\"lazy\" decoding=\"async\" class=\"size-medium wp-image-436 alignleft\" src=\"https:\/\/i0.wp.com\/2018.montevideo.wordcamp.org\/files\/2018\/09\/Circular-300x300.jpg?resize=300%2C300&#038;ssl=1\" alt=\"\" width=\"300\" height=\"300\" srcset=\"https:\/\/i0.wp.com\/montevideo.wordcamp.org\/2018\/files\/2018\/09\/Circular.jpg?resize=300%2C300&amp;ssl=1 300w, https:\/\/i0.wp.com\/montevideo.wordcamp.org\/2018\/files\/2018\/09\/Circular.jpg?resize=150%2C150&amp;ssl=1 150w, https:\/\/i0.wp.com\/montevideo.wordcamp.org\/2018\/files\/2018\/09\/Circular.jpg?resize=100%2C100&amp;ssl=1 100w, https:\/\/i0.wp.com\/montevideo.wordcamp.org\/2018\/files\/2018\/09\/Circular.jpg?w=360&amp;ssl=1 360w\" sizes=\"auto, (max-width: 300px) 100vw, 300px\" \/>Mat\u00edas es Licenciado en Sistemas de Informaci\u00f3n y Comunicaci\u00f3n, apasionado por WordPress desde el 2009 y es el director de la agencia de marketing digital <a href=\"http:\/\/www.programauruguay.com\">Programa Uruguay<\/a>. Se desempe\u00f1a asesorando sobre las mejores estrategias para potenciar productos o servicios de empresas.<\/p>\n\t\t\t\t<\/div>\n\t\t\t<\/div>\n\n\t\t\n\t\t\t<div class=\"wcorg-organizer\">\n\t\t\t\t<h2>Roberto Remedios<\/h2>\n\t\t\t\t<div class=\"wcorg-organizer-description\">\n\t\t\t\t\t\t\t\t\t\t<img alt='' src='https:\/\/secure.gravatar.com\/avatar\/f98513a1df4f806f7a19678341f9bc8a6957f9cb7b2974f509a3e2bd063dc2e7?s=100&#038;d=mm&#038;r=g' srcset='https:\/\/secure.gravatar.com\/avatar\/f98513a1df4f806f7a19678341f9bc8a6957f9cb7b2974f509a3e2bd063dc2e7?s=200&#038;d=mm&#038;r=g 2x' class='avatar avatar-100 photo' height='100' width='100' \/>\t\t\t\t\t<p><img data-recalc-dims=\"1\" loading=\"lazy\" decoding=\"async\" class=\"size-full wp-image-651 alignleft\" src=\"https:\/\/i0.wp.com\/2018.montevideo.wordcamp.org\/files\/2018\/10\/Rob.png?resize=300%2C300&#038;ssl=1\" alt=\"Roberto Remedios\" width=\"300\" height=\"300\" \/>UX UI Designer \/ Frontend Developer. Siempre buscando aprender y compartir sus conocimientos de WordPress con otros. Community deputy, video moderador, designer y traductor en WordPress.org. Voluntario\/Speaker en WordCamp Miami, NYC, Boston, Atlanta, Filadelfia, Nashville, Paris, Managua, CDMX, Puebla, Guadalajara y organizador de WordPress Meetup Costa Rica.<\/p>\n\t\t\t\t<\/div>\n\t\t\t<\/div>\n\n\t\t\n\t<\/div><!-- .wcorg-organizers -->\n\t\n\n\n<p class=\"wp-block-paragraph\"><\/p>\n","protected":false},"excerpt":{"rendered":"<p>Organizadores<\/p>\n","protected":false},"author":15583525,"featured_media":0,"parent":0,"menu_order":0,"comment_status":"closed","ping_status":"closed","template":"","meta":{"_crdt_document":"","jetpack_post_was_ever_published":false,"footnotes":""},"class_list":["post-12","page","type-page","status-publish","hentry"],"jetpack_sharing_enabled":true,"jetpack_shortlink":"https:\/\/wp.me\/PagwAz-c","_links":{"self":[{"href":"https:\/\/montevideo.wordcamp.org\/2018\/wp-json\/wp\/v2\/pages\/12","targetHints":{"allow":["GET"]}}],"collection":[{"href":"https:\/\/montevideo.wordcamp.org\/2018\/wp-json\/wp\/v2\/pages"}],"about":[{"href":"https:\/\/montevideo.wordcamp.org\/2018\/wp-json\/wp\/v2\/types\/page"}],"author":[{"embeddable":true,"href":"https:\/\/montevideo.wordcamp.org\/2018\/wp-json\/wp\/v2\/users\/15583525"}],"replies":[{"embeddable":true,"href":"https:\/\/montevideo.wordcamp.org\/2018\/wp-json\/wp\/v2\/comments?post=12"}],"version-history":[{"count":6,"href":"https:\/\/montevideo.wordcamp.org\/2018\/wp-json\/wp\/v2\/pages\/12\/revisions"}],"predecessor-version":[{"id":642,"href":"https:\/\/montevideo.wordcamp.org\/2018\/wp-json\/wp\/v2\/pages\/12\/revisions\/642"}],"wp:attachment":[{"href":"https:\/\/montevideo.wordcamp.org\/2018\/wp-json\/wp\/v2\/media?parent=12"}],"curies":[{"name":"wp","href":"https:\/\/api.w.org\/{rel}","templated":true}]}}