{"id":214,"date":"2018-09-29T16:22:50","date_gmt":"2018-09-29T16:22:50","guid":{"rendered":"https:\/\/2018.montevideo.wordcamp.org\/?page_id=214"},"modified":"2018-11-13T00:30:05","modified_gmt":"2018-11-13T03:30:05","slug":"inicio","status":"publish","type":"page","link":"https:\/\/montevideo.wordcamp.org\/2018\/","title":{"rendered":"\u00bfQu\u00e9 es un WordCamp?"},"content":{"rendered":"<h3>\u00bfQu\u00e9 es un WordCamp?<\/h3>\n\n\n<div class=\"wp-block-columns has-2-columns introduction-content is-layout-flex wp-container-core-columns-is-layout-8f761849 wp-block-columns-is-layout-flex\">\n<div class=\"wp-block-column is-layout-flow wp-block-column-is-layout-flow\">\n<p class=\"introduction-text wp-block-paragraph\">Viv\u00ed esta experiencia \u00fanica por primera vez en Uruguay<\/p>\n<\/div>\n\n\n\n<div class=\"wp-block-column is-layout-flow wp-block-column-is-layout-flow\">\n<p class=\"wp-block-paragraph\">Un WordCamp es un <strong>evento oficial aprobado y respaldado por la Fundaci\u00f3n WordPress.<\/strong> Es organizado por las comunidades locales de WordPress (<a href=\"https:\/\/www.facebook.com\/WordPressUruguay\/\" target=\"_blank\" rel=\"nofollow\">\u00a1sumate a WordPress Uruguay!<\/a>) siguiendo las bases que la WordPress Foundation ofrece desde <a href=\"https:\/\/central.wordcamp.org\/\" target=\"_blank\">WordCamp.org<\/a>.<\/p>\n<\/div>\n<\/div>\n\n\n\n<div class=\"wp-block-columns has-3-columns tematic-columns is-layout-flex wp-container-core-columns-is-layout-8f761849 wp-block-columns-is-layout-flex\">\n<div class=\"wp-block-column tematic-column is-layout-flow wp-block-column-is-layout-flow\">\n<div class=\"wp-block-image icono-tematica\"><figure class=\"aligncenter\"><img data-recalc-dims=\"1\" loading=\"lazy\" decoding=\"async\" width=\"525\" height=\"525\" src=\"https:\/\/i0.wp.com\/2018.montevideo.wordcamp.org\/files\/2018\/10\/tematicas-wordcamp-1.png?resize=525%2C525&#038;ssl=1\" alt=\"\" class=\"wp-image-825\" srcset=\"https:\/\/i0.wp.com\/montevideo.wordcamp.org\/2018\/files\/2018\/10\/tematicas-wordcamp-1.png?w=800&amp;ssl=1 800w, https:\/\/i0.wp.com\/montevideo.wordcamp.org\/2018\/files\/2018\/10\/tematicas-wordcamp-1.png?resize=150%2C150&amp;ssl=1 150w, https:\/\/i0.wp.com\/montevideo.wordcamp.org\/2018\/files\/2018\/10\/tematicas-wordcamp-1.png?resize=300%2C300&amp;ssl=1 300w, https:\/\/i0.wp.com\/montevideo.wordcamp.org\/2018\/files\/2018\/10\/tematicas-wordcamp-1.png?resize=768%2C768&amp;ssl=1 768w, https:\/\/i0.wp.com\/montevideo.wordcamp.org\/2018\/files\/2018\/10\/tematicas-wordcamp-1.png?resize=100%2C100&amp;ssl=1 100w\" sizes=\"auto, (max-width: 767px) 89vw, (max-width: 1000px) 54vw, (max-width: 1071px) 543px, 580px\" \/><\/figure><\/div>\n\n\n\n<h4>Aprende de<br>los expertos<\/h4>\n<p>En la serie de conferencias con tem\u00e1ticas WordPress, desde el uso de la herramienta a experiencias personales.<\/p>\n<\/div>\n\n\n\n<div class=\"wp-block-column tematic-column is-layout-flow wp-block-column-is-layout-flow\">\n<div class=\"wp-block-image icono-tematica\"><figure class=\"aligncenter\"><img data-recalc-dims=\"1\" loading=\"lazy\" decoding=\"async\" width=\"525\" height=\"525\" src=\"https:\/\/i0.wp.com\/2018.montevideo.wordcamp.org\/files\/2018\/10\/tematicas-comunidad.png?resize=525%2C525&#038;ssl=1\" alt=\"\" class=\"wp-image-823\" srcset=\"https:\/\/i0.wp.com\/montevideo.wordcamp.org\/2018\/files\/2018\/10\/tematicas-comunidad.png?w=800&amp;ssl=1 800w, https:\/\/i0.wp.com\/montevideo.wordcamp.org\/2018\/files\/2018\/10\/tematicas-comunidad.png?resize=150%2C150&amp;ssl=1 150w, https:\/\/i0.wp.com\/montevideo.wordcamp.org\/2018\/files\/2018\/10\/tematicas-comunidad.png?resize=300%2C300&amp;ssl=1 300w, https:\/\/i0.wp.com\/montevideo.wordcamp.org\/2018\/files\/2018\/10\/tematicas-comunidad.png?resize=768%2C768&amp;ssl=1 768w, https:\/\/i0.wp.com\/montevideo.wordcamp.org\/2018\/files\/2018\/10\/tematicas-comunidad.png?resize=100%2C100&amp;ssl=1 100w\" sizes=\"auto, (max-width: 767px) 89vw, (max-width: 1000px) 54vw, (max-width: 1071px) 543px, 580px\" \/><\/figure><\/div>\n\n\n\n<h4>\u00danete a<br>la comunidad<\/h4>\n<p>En el evento que re\u00fane a todos los WordPressers del Uruguay y a invitados de otras comunidades del mundo.<\/p>\n<\/div>\n\n\n\n<div class=\"wp-block-column tematic-column is-layout-flow wp-block-column-is-layout-flow\">\n<div class=\"wp-block-image icono-tematica\"><figure class=\"aligncenter\"><img data-recalc-dims=\"1\" loading=\"lazy\" decoding=\"async\" width=\"525\" height=\"525\" src=\"https:\/\/i0.wp.com\/2018.montevideo.wordcamp.org\/files\/2018\/10\/tematicas-experiencia.png?resize=525%2C525&#038;ssl=1\" alt=\"\" class=\"wp-image-826\" srcset=\"https:\/\/i0.wp.com\/montevideo.wordcamp.org\/2018\/files\/2018\/10\/tematicas-experiencia.png?w=800&amp;ssl=1 800w, https:\/\/i0.wp.com\/montevideo.wordcamp.org\/2018\/files\/2018\/10\/tematicas-experiencia.png?resize=150%2C150&amp;ssl=1 150w, https:\/\/i0.wp.com\/montevideo.wordcamp.org\/2018\/files\/2018\/10\/tematicas-experiencia.png?resize=300%2C300&amp;ssl=1 300w, https:\/\/i0.wp.com\/montevideo.wordcamp.org\/2018\/files\/2018\/10\/tematicas-experiencia.png?resize=768%2C768&amp;ssl=1 768w, https:\/\/i0.wp.com\/montevideo.wordcamp.org\/2018\/files\/2018\/10\/tematicas-experiencia.png?resize=100%2C100&amp;ssl=1 100w\" sizes=\"auto, (max-width: 767px) 89vw, (max-width: 1000px) 54vw, (max-width: 1071px) 543px, 580px\" \/><\/figure><\/div>\n\n\n\n<h4>Comparte tu<br>experiencia<\/h4>\n<p>En este espacio de NetWorking y en el After Party donde unimos nuestra pasi\u00f3n por la tecnolog\u00eda y compartimos conocimientos.<\/p>\n<\/div>\n<\/div>\n\n\n\n<div class=\"wp-block-columns has-2-columns entradas-principal is-layout-flex wp-container-core-columns-is-layout-8f761849 wp-block-columns-is-layout-flex\">\n<div class=\"wp-block-column\"><h3>\u00a1Consigue tus entradas ahora!<\/h3>\n\t<p>\n\t\tNo te quedes afuera de la primera WordCamp a realizarse en Uruguay. Los cupos son limitados.\n\t<\/p>\n<a href=\"\/entradas\/\" class=\"btn-wcmvd\">Entradas<\/a><\/div>\n\n\n\n<div class=\"wp-block-column is-layout-flow wp-block-column-is-layout-flow\">\n<div class=\"wp-block-image imagen-entradas\"><figure class=\"alignright\"><a href=\"\/entradas\/\"><img loading=\"lazy\" decoding=\"async\" width=\"726\" height=\"322\" src=\"https:\/\/i0.wp.com\/2018.montevideo.wordcamp.org\/files\/2018\/10\/entradas-wordcamp-mvd.png?fit=726%2C322&amp;ssl=1\" alt=\"\" class=\"wp-image-866\" srcset=\"https:\/\/i0.wp.com\/montevideo.wordcamp.org\/2018\/files\/2018\/10\/entradas-wordcamp-mvd.png?w=726&amp;ssl=1 726w, https:\/\/i0.wp.com\/montevideo.wordcamp.org\/2018\/files\/2018\/10\/entradas-wordcamp-mvd.png?resize=300%2C133&amp;ssl=1 300w, https:\/\/i0.wp.com\/montevideo.wordcamp.org\/2018\/files\/2018\/10\/entradas-wordcamp-mvd.png?resize=500%2C222&amp;ssl=1 500w\" sizes=\"auto, (max-width: 525px) 100vw, 525px\" \/><\/a><\/figure><\/div>\n<\/div>\n<\/div>\n\n\n\n<p class=\"wp-block-paragraph\"><\/p>\n","protected":false},"excerpt":{"rendered":"<p>\u00bfQu\u00e9 es un WordCamp? Viv\u00ed esta experiencia \u00fanica por primera vez en Uruguay Un WordCamp es un evento oficial aprobado y respaldado por la Fundaci\u00f3n WordPress. Es organizado por las comunidades locales de WordPress (\u00a1sumate a WordPress Uruguay!) siguiendo las bases que la WordPress Foundation ofrece desde WordCamp.org. Aprende delos expertos En la serie de &hellip; <\/p>\n<p class=\"link-more\"><a href=\"https:\/\/montevideo.wordcamp.org\/2018\/\" class=\"more-link\">Continuar leyendo<span class=\"screen-reader-text\"> \u00ab\u00bfQu\u00e9 es un WordCamp?\u00bb<\/span><\/a><\/p>\n","protected":false},"author":319559,"featured_media":0,"parent":0,"menu_order":0,"comment_status":"closed","ping_status":"closed","template":"","meta":{"_crdt_document":"","jetpack_post_was_ever_published":false,"footnotes":""},"class_list":["post-214","page","type-page","status-publish","hentry"],"jetpack_sharing_enabled":true,"jetpack_shortlink":"https:\/\/wp.me\/PagwAz-3s","_links":{"self":[{"href":"https:\/\/montevideo.wordcamp.org\/2018\/wp-json\/wp\/v2\/pages\/214","targetHints":{"allow":["GET"]}}],"collection":[{"href":"https:\/\/montevideo.wordcamp.org\/2018\/wp-json\/wp\/v2\/pages"}],"about":[{"href":"https:\/\/montevideo.wordcamp.org\/2018\/wp-json\/wp\/v2\/types\/page"}],"author":[{"embeddable":true,"href":"https:\/\/montevideo.wordcamp.org\/2018\/wp-json\/wp\/v2\/users\/319559"}],"replies":[{"embeddable":true,"href":"https:\/\/montevideo.wordcamp.org\/2018\/wp-json\/wp\/v2\/comments?post=214"}],"version-history":[{"count":37,"href":"https:\/\/montevideo.wordcamp.org\/2018\/wp-json\/wp\/v2\/pages\/214\/revisions"}],"predecessor-version":[{"id":1632,"href":"https:\/\/montevideo.wordcamp.org\/2018\/wp-json\/wp\/v2\/pages\/214\/revisions\/1632"}],"wp:attachment":[{"href":"https:\/\/montevideo.wordcamp.org\/2018\/wp-json\/wp\/v2\/media?parent=214"}],"curies":[{"name":"wp","href":"https:\/\/api.w.org\/{rel}","templated":true}]}}